{"id":252,"date":"2022-12-22T16:46:45","date_gmt":"2022-12-22T16:46:45","guid":{"rendered":"https:\/\/emilyryall.net\/?page_id=252"},"modified":"2023-04-30T15:35:31","modified_gmt":"2023-04-30T15:35:31","slug":"philosophy-of-play","status":"publish","type":"page","link":"https:\/\/emilyryall.net\/?page_id=252","title":{"rendered":"Philosophy of Play"},"content":{"rendered":"\t\t<div data-elementor-type=\"wp-page\" data-elementor-id=\"252\" class=\"elementor elementor-252\">\n\t\t\t\t\t\t<section class=\"elementor-section elementor-top-section elementor-element elementor-element-9e71ed6 elementor-section-boxed elementor-section-height-default elementor-section-height-default\" data-id=\"9e71ed6\" data-element_type=\"section\" data-e-type=\"section\">\n\t\t\t\t\t\t<div class=\"elementor-container elementor-column-gap-default\">\n\t\t\t\t\t<div class=\"elementor-column elementor-col-100 elementor-top-column elementor-element elementor-element-572df5f\" data-id=\"572df5f\" data-element_type=\"column\" data-e-type=\"column\">\n\t\t\t<div class=\"elementor-widget-wrap elementor-element-populated\">\n\t\t\t\t\t\t<div class=\"elementor-element elementor-element-aca13aa elementor-widget-divider--view-line elementor-widget elementor-widget-divider\" data-id=\"aca13aa\" data-element_type=\"widget\" data-e-type=\"widget\" data-widget_type=\"divider.default\">\n\t\t\t\t<div class=\"elementor-widget-container\">\n\t\t\t\t\t\t\t<div class=\"elementor-divider\">\n\t\t\t<span class=\"elementor-divider-separator\">\n\t\t\t\t\t\t<\/span>\n\t\t<\/div>\n\t\t\t\t\t\t<\/div>\n\t\t\t\t<\/div>\n\t\t\t\t<div class=\"elementor-element elementor-element-38b4185 elementor-widget elementor-widget-heading\" data-id=\"38b4185\" data-element_type=\"widget\" data-e-type=\"widget\" data-widget_type=\"heading.default\">\n\t\t\t\t<div class=\"elementor-widget-container\">\n\t\t\t\t\t<h3 class=\"elementor-heading-title elementor-size-large\">Philosophy of Play (book series)<\/h3>\t\t\t\t<\/div>\n\t\t\t\t<\/div>\n\t\t\t\t\t<\/div>\n\t\t<\/div>\n\t\t\t\t\t<\/div>\n\t\t<\/section>\n\t\t\t\t<section class=\"elementor-section elementor-top-section elementor-element elementor-element-70d3bc2 elementor-section-boxed elementor-section-height-default elementor-section-height-default\" data-id=\"70d3bc2\" data-element_type=\"section\" data-e-type=\"section\">\n\t\t\t\t\t\t<div class=\"elementor-container elementor-column-gap-default\">\n\t\t\t\t\t<div class=\"elementor-column elementor-col-100 elementor-top-column elementor-element elementor-element-ddc2947\" data-id=\"ddc2947\" data-element_type=\"column\" data-e-type=\"column\">\n\t\t\t<div class=\"elementor-widget-wrap elementor-element-populated\">\n\t\t\t\t\t\t<div class=\"elementor-element elementor-element-bafaf8d elementor-widget-divider--view-line elementor-widget elementor-widget-divider\" data-id=\"bafaf8d\" data-element_type=\"widget\" data-e-type=\"widget\" data-widget_type=\"divider.default\">\n\t\t\t\t<div class=\"elementor-widget-container\">\n\t\t\t\t\t\t\t<div class=\"elementor-divider\">\n\t\t\t<span class=\"elementor-divider-separator\">\n\t\t\t\t\t\t<\/span>\n\t\t<\/div>\n\t\t\t\t\t\t<\/div>\n\t\t\t\t<\/div>\n\t\t\t\t<div class=\"elementor-element elementor-element-7b0701c elementor-widget elementor-widget-image\" data-id=\"7b0701c\" data-element_type=\"widget\" data-e-type=\"widget\" data-widget_type=\"image.default\">\n\t\t\t\t<div class=\"elementor-widget-container\">\n\t\t\t\t\t\t\t\t\t\t\t\t<figure class=\"wp-caption\">\n\t\t\t\t\t\t\t\t\t\t<img fetchpriority=\"high\" decoding=\"async\" width=\"768\" height=\"509\" src=\"https:\/\/emilyryall.net\/wp-content\/uploads\/2022\/12\/8700947535_ffaaa87634_k-768x509.jpg\" class=\"attachment-medium_large size-medium_large wp-image-254\" alt=\"Philosophy of Play book launch. L-R: Dr Wendy Russell, Dr Emily Ryall, Dr Malcolm MacLean\" srcset=\"https:\/\/emilyryall.net\/wp-content\/uploads\/2022\/12\/8700947535_ffaaa87634_k-768x509.jpg 768w, https:\/\/emilyryall.net\/wp-content\/uploads\/2022\/12\/8700947535_ffaaa87634_k-300x199.jpg 300w, https:\/\/emilyryall.net\/wp-content\/uploads\/2022\/12\/8700947535_ffaaa87634_k-1024x678.jpg 1024w, https:\/\/emilyryall.net\/wp-content\/uploads\/2022\/12\/8700947535_ffaaa87634_k-1536x1017.jpg 1536w, https:\/\/emilyryall.net\/wp-content\/uploads\/2022\/12\/8700947535_ffaaa87634_k.jpg 2048w\" sizes=\"(max-width: 768px) 100vw, 768px\" \/>\t\t\t\t\t\t\t\t\t\t\t<figcaption class=\"widget-image-caption wp-caption-text\">Philosophy of Play book launch. L-R: Dr Wendy Russell, Dr Emily Ryall, Dr Malcolm MacLean<\/figcaption>\n\t\t\t\t\t\t\t\t\t\t<\/figure>\n\t\t\t\t\t\t\t\t\t<\/div>\n\t\t\t\t<\/div>\n\t\t\t\t<div class=\"elementor-element elementor-element-cb4dced elementor-widget elementor-widget-spacer\" data-id=\"cb4dced\" data-element_type=\"widget\" data-e-type=\"widget\" data-widget_type=\"spacer.default\">\n\t\t\t\t<div class=\"elementor-widget-container\">\n\t\t\t\t\t\t\t<div class=\"elementor-spacer\">\n\t\t\t<div class=\"elementor-spacer-inner\"><\/div>\n\t\t<\/div>\n\t\t\t\t\t\t<\/div>\n\t\t\t\t<\/div>\n\t\t\t\t<div class=\"elementor-element elementor-element-3e6ad86 elementor-widget elementor-widget-text-editor\" data-id=\"3e6ad86\" data-element_type=\"widget\" data-e-type=\"widget\" data-widget_type=\"text-editor.default\">\n\t\t\t\t<div class=\"elementor-widget-container\">\n\t\t\t\t\t\t\t\t\t<p>The Philosophy of Play book series developed from a biannual international conference on the Philosophy of Play first held at the University of Gloucestershire in 2011 and organised by Dr Emily Ryall, Dr Wendy Russell and Dr Malcolm MacLean alongside colleagues in Play and Playwork at the University.<\/p><p>The edited collection of essays across four books include original contributions by international scholars such as Randolf Feezell, John Wall, Monica Villhauer, Catherine Homan, Maria \u00d8ksnes, Mihai Spariosu, Henning Eichberg, Stuart Lester, Chris Bateman, Daniel A Dombrowski, amongst others.<\/p>\t\t\t\t\t\t\t\t<\/div>\n\t\t\t\t<\/div>\n\t\t\t\t\t<\/div>\n\t\t<\/div>\n\t\t\t\t\t<\/div>\n\t\t<\/section>\n\t\t\t\t<section class=\"elementor-section elementor-top-section elementor-element elementor-element-d000203 elementor-section-boxed elementor-section-height-default elementor-section-height-default\" data-id=\"d000203\" data-element_type=\"section\" data-e-type=\"section\">\n\t\t\t\t\t\t<div class=\"elementor-container elementor-column-gap-default\">\n\t\t\t\t\t<div class=\"elementor-column elementor-col-100 elementor-top-column elementor-element elementor-element-ab52326\" data-id=\"ab52326\" data-element_type=\"column\" data-e-type=\"column\">\n\t\t\t<div class=\"elementor-widget-wrap elementor-element-populated\">\n\t\t\t\t\t\t<section class=\"elementor-section elementor-inner-section elementor-element elementor-element-f82193a elementor-section-boxed elementor-section-height-default elementor-section-height-default\" data-id=\"f82193a\" data-element_type=\"section\" data-e-type=\"section\">\n\t\t\t\t\t\t<div class=\"elementor-container elementor-column-gap-default\">\n\t\t\t\t\t<div class=\"elementor-column elementor-col-25 elementor-inner-column elementor-element elementor-element-30c7254\" data-id=\"30c7254\" data-element_type=\"column\" data-e-type=\"column\">\n\t\t\t<div class=\"elementor-widget-wrap elementor-element-populated\">\n\t\t\t\t\t\t<div class=\"elementor-element elementor-element-6123d19 elementor-position-top elementor-widget elementor-widget-image-box\" data-id=\"6123d19\" data-element_type=\"widget\" data-e-type=\"widget\" data-widget_type=\"image-box.default\">\n\t\t\t\t<div class=\"elementor-widget-container\">\n\t\t\t\t\t<div class=\"elementor-image-box-wrapper\"><figure class=\"elementor-image-box-img\"><a href=\"https:\/\/www.routledge.com\/The-Philosophy-of-Play\/Ryall-Russell-MacLean\/p\/book\/9781138833876\" target=\"_blank\" tabindex=\"-1\"><img decoding=\"async\" width=\"350\" height=\"527\" src=\"https:\/\/emilyryall.net\/wp-content\/uploads\/2022\/12\/Philosopy-of-play-book-cover.jpg\" class=\"attachment-full size-full wp-image-255\" alt=\"Philosopy of play book cover\" srcset=\"https:\/\/emilyryall.net\/wp-content\/uploads\/2022\/12\/Philosopy-of-play-book-cover.jpg 350w, https:\/\/emilyryall.net\/wp-content\/uploads\/2022\/12\/Philosopy-of-play-book-cover-199x300.jpg 199w\" sizes=\"(max-width: 350px) 100vw, 350px\" \/><\/a><\/figure><div class=\"elementor-image-box-content\"><p class=\"elementor-image-box-description\">Ryall, E., Russell, W. &amp; MacLean, M. (2013) The Philosophy of Play. London: Routledge.<\/p><\/div><\/div>\t\t\t\t<\/div>\n\t\t\t\t<\/div>\n\t\t\t\t\t<\/div>\n\t\t<\/div>\n\t\t\t\t<div class=\"elementor-column elementor-col-25 elementor-inner-column elementor-element elementor-element-ab12884\" data-id=\"ab12884\" data-element_type=\"column\" data-e-type=\"column\">\n\t\t\t<div class=\"elementor-widget-wrap elementor-element-populated\">\n\t\t\t\t\t\t<div class=\"elementor-element elementor-element-2ed9afe elementor-position-top elementor-widget elementor-widget-image-box\" data-id=\"2ed9afe\" data-element_type=\"widget\" data-e-type=\"widget\" data-widget_type=\"image-box.default\">\n\t\t\t\t<div class=\"elementor-widget-container\">\n\t\t\t\t\t<div class=\"elementor-image-box-wrapper\"><figure class=\"elementor-image-box-img\"><a href=\"https:\/\/www.routledge.com\/Philosophical-Perspectives-on-Play\/MacLean-Russell-Ryall\/p\/book\/9781138707597\" target=\"_blank\" tabindex=\"-1\"><img decoding=\"async\" width=\"354\" height=\"527\" src=\"https:\/\/emilyryall.net\/wp-content\/uploads\/2022\/12\/Philosophical-Perspectives-on-Play-book-cover.jpg\" class=\"attachment-full size-full wp-image-259\" alt=\"Philosophical Perspectives on Play book cover\" srcset=\"https:\/\/emilyryall.net\/wp-content\/uploads\/2022\/12\/Philosophical-Perspectives-on-Play-book-cover.jpg 354w, https:\/\/emilyryall.net\/wp-content\/uploads\/2022\/12\/Philosophical-Perspectives-on-Play-book-cover-202x300.jpg 202w\" sizes=\"(max-width: 354px) 100vw, 354px\" \/><\/a><\/figure><div class=\"elementor-image-box-content\"><p class=\"elementor-image-box-description\">MacLean, M., Russell, W., and Ryall, E. (2016) Philosophical Perspectives on Play. London: Routledge.<\/p><\/div><\/div>\t\t\t\t<\/div>\n\t\t\t\t<\/div>\n\t\t\t\t\t<\/div>\n\t\t<\/div>\n\t\t\t\t<div class=\"elementor-column elementor-col-25 elementor-inner-column elementor-element elementor-element-6ec019a\" data-id=\"6ec019a\" data-element_type=\"column\" data-e-type=\"column\">\n\t\t\t<div class=\"elementor-widget-wrap elementor-element-populated\">\n\t\t\t\t\t\t<div class=\"elementor-element elementor-element-29ac09c elementor-position-top elementor-widget elementor-widget-image-box\" data-id=\"29ac09c\" data-element_type=\"widget\" data-e-type=\"widget\" data-widget_type=\"image-box.default\">\n\t\t\t\t<div class=\"elementor-widget-container\">\n\t\t\t\t\t<div class=\"elementor-image-box-wrapper\"><figure class=\"elementor-image-box-img\"><a href=\"https:\/\/www.routledge.com\/The-Philosophy-of-Play-as-Life\/Russell-Ryall-MacLean\/p\/book\/9780367247515\" target=\"_blank\" tabindex=\"-1\"><img loading=\"lazy\" decoding=\"async\" width=\"353\" height=\"531\" src=\"https:\/\/emilyryall.net\/wp-content\/uploads\/2022\/12\/Philosophy-of-Play-as-Life-book-cover.jpg\" class=\"attachment-full size-full wp-image-266\" alt=\"Russell, W., Ryall, E., &amp; MacLean, M. (2018) Philosophy of Play as Life. London: Routledge\" srcset=\"https:\/\/emilyryall.net\/wp-content\/uploads\/2022\/12\/Philosophy-of-Play-as-Life-book-cover.jpg 353w, https:\/\/emilyryall.net\/wp-content\/uploads\/2022\/12\/Philosophy-of-Play-as-Life-book-cover-199x300.jpg 199w\" sizes=\"(max-width: 353px) 100vw, 353px\" \/><\/a><\/figure><div class=\"elementor-image-box-content\"><p class=\"elementor-image-box-description\">Russell, W., Ryall, E., &amp; MacLean, M. (2018) Philosophy of Play as Life. London: Routledge<\/p><\/div><\/div>\t\t\t\t<\/div>\n\t\t\t\t<\/div>\n\t\t\t\t\t<\/div>\n\t\t<\/div>\n\t\t\t\t<div class=\"elementor-column elementor-col-25 elementor-inner-column elementor-element elementor-element-3708936\" data-id=\"3708936\" data-element_type=\"column\" data-e-type=\"column\">\n\t\t\t<div class=\"elementor-widget-wrap elementor-element-populated\">\n\t\t\t\t\t\t<div class=\"elementor-element elementor-element-4068637 elementor-position-top elementor-widget elementor-widget-image-box\" data-id=\"4068637\" data-element_type=\"widget\" data-e-type=\"widget\" data-widget_type=\"image-box.default\">\n\t\t\t\t<div class=\"elementor-widget-container\">\n\t\t\t\t\t<div class=\"elementor-image-box-wrapper\"><figure class=\"elementor-image-box-img\"><a href=\"https:\/\/www.routledge.com\/Play-Philosophy-and-Performance\/MacLean-Russell-Ryall\/p\/book\/9780367703813\" target=\"_blank\" tabindex=\"-1\"><img loading=\"lazy\" decoding=\"async\" width=\"352\" height=\"537\" src=\"https:\/\/emilyryall.net\/wp-content\/uploads\/2022\/12\/Philosophy-Play-and-Performance-book-cover.jpg\" class=\"attachment-full size-full wp-image-267\" alt=\"Philosophy Play and Performance book cover\" srcset=\"https:\/\/emilyryall.net\/wp-content\/uploads\/2022\/12\/Philosophy-Play-and-Performance-book-cover.jpg 352w, https:\/\/emilyryall.net\/wp-content\/uploads\/2022\/12\/Philosophy-Play-and-Performance-book-cover-197x300.jpg 197w\" sizes=\"(max-width: 352px) 100vw, 352px\" \/><\/a><\/figure><div class=\"elementor-image-box-content\"><p class=\"elementor-image-box-description\">MacLean, M., Russell, W., &amp; Ryall, E. (2021) Philosophy, Play and Performance. London: Routledge.<\/p><\/div><\/div>\t\t\t\t<\/div>\n\t\t\t\t<\/div>\n\t\t\t\t\t<\/div>\n\t\t<\/div>\n\t\t\t\t\t<\/div>\n\t\t<\/section>\n\t\t\t\t<div class=\"elementor-element elementor-element-2a7b6d3 elementor-widget-divider--view-line elementor-widget elementor-widget-divider\" data-id=\"2a7b6d3\" data-element_type=\"widget\" data-e-type=\"widget\" data-widget_type=\"divider.default\">\n\t\t\t\t<div class=\"elementor-widget-container\">\n\t\t\t\t\t\t\t<div class=\"elementor-divider\">\n\t\t\t<span class=\"elementor-divider-separator\">\n\t\t\t\t\t\t<\/span>\n\t\t<\/div>\n\t\t\t\t\t\t<\/div>\n\t\t\t\t<\/div>\n\t\t\t\t\t<\/div>\n\t\t<\/div>\n\t\t\t\t\t<\/div>\n\t\t<\/section>\n\t\t\t\t<section class=\"elementor-section elementor-top-section elementor-element elementor-element-185d49c elementor-section-boxed elementor-section-height-default elementor-section-height-default\" data-id=\"185d49c\" data-element_type=\"section\" data-e-type=\"section\">\n\t\t\t\t\t\t<div class=\"elementor-container elementor-column-gap-default\">\n\t\t\t\t\t<div class=\"elementor-column elementor-col-100 elementor-top-column elementor-element elementor-element-7508f93\" data-id=\"7508f93\" data-element_type=\"column\" data-e-type=\"column\">\n\t\t\t<div class=\"elementor-widget-wrap elementor-element-populated\">\n\t\t\t\t\t\t<div class=\"elementor-element elementor-element-60ce028 elementor-widget elementor-widget-heading\" data-id=\"60ce028\" data-element_type=\"widget\" data-e-type=\"widget\" data-widget_type=\"heading.default\">\n\t\t\t\t<div class=\"elementor-widget-container\">\n\t\t\t\t\t<h2 class=\"elementor-heading-title elementor-size-large\">Other published work on the philosophy of play<\/h2>\t\t\t\t<\/div>\n\t\t\t\t<\/div>\n\t\t\t\t\t<\/div>\n\t\t<\/div>\n\t\t\t\t\t<\/div>\n\t\t<\/section>\n\t\t\t\t<section class=\"elementor-section elementor-top-section elementor-element elementor-element-c1e33f8 elementor-section-boxed elementor-section-height-default elementor-section-height-default\" data-id=\"c1e33f8\" data-element_type=\"section\" data-e-type=\"section\">\n\t\t\t\t\t\t<div class=\"elementor-container elementor-column-gap-default\">\n\t\t\t\t\t<div class=\"elementor-column elementor-col-100 elementor-top-column elementor-element elementor-element-be022d1\" data-id=\"be022d1\" data-element_type=\"column\" data-e-type=\"column\">\n\t\t\t<div class=\"elementor-widget-wrap elementor-element-populated\">\n\t\t\t\t\t\t<div class=\"elementor-element elementor-element-8184b1c elementor-position-top elementor-widget elementor-widget-image-box\" data-id=\"8184b1c\" data-element_type=\"widget\" data-e-type=\"widget\" data-widget_type=\"image-box.default\">\n\t\t\t\t<div class=\"elementor-widget-container\">\n\t\t\t\t\t<div class=\"elementor-image-box-wrapper\"><figure class=\"elementor-image-box-img\"><a href=\"https:\/\/www.tandfonline.com\/doi\/abs\/10.1080\/00948705.2021.1934689?forwardService=showFullText&#038;tokenAccess=YZZPVSSTZZXADVRF5GEK&#038;tokenDomain=eprints&#038;doi=10.1080%2F00948705.2021.1934689&#038;doi=10.1080%2F00948705.2021.1934689&#038;doi=10.1080%2F00948705.2021.1934689&#038;target=10.1080%2F00948705.2021.1934689&#038;journalCode=rjps20\" target=\"_blank\" tabindex=\"-1\"><img loading=\"lazy\" decoding=\"async\" width=\"1024\" height=\"1024\" src=\"https:\/\/emilyryall.net\/wp-content\/uploads\/2023\/01\/Playing-sport-playfully.jpg\" class=\"attachment-full size-full wp-image-354\" alt=\"\" srcset=\"https:\/\/emilyryall.net\/wp-content\/uploads\/2023\/01\/Playing-sport-playfully.jpg 1024w, https:\/\/emilyryall.net\/wp-content\/uploads\/2023\/01\/Playing-sport-playfully-300x300.jpg 300w, https:\/\/emilyryall.net\/wp-content\/uploads\/2023\/01\/Playing-sport-playfully-150x150.jpg 150w, https:\/\/emilyryall.net\/wp-content\/uploads\/2023\/01\/Playing-sport-playfully-768x768.jpg 768w\" sizes=\"(max-width: 1024px) 100vw, 1024px\" \/><\/a><\/figure><div class=\"elementor-image-box-content\"><h3 class=\"elementor-image-box-title\"><a href=\"https:\/\/www.tandfonline.com\/doi\/abs\/10.1080\/00948705.2021.1934689?forwardService=showFullText&#038;tokenAccess=YZZPVSSTZZXADVRF5GEK&#038;tokenDomain=eprints&#038;doi=10.1080%2F00948705.2021.1934689&#038;doi=10.1080%2F00948705.2021.1934689&#038;doi=10.1080%2F00948705.2021.1934689&#038;target=10.1080%2F00948705.2021.1934689&#038;journalCode=rjps20\" target=\"_blank\">'Playing sport playfully': on the playful attitude in sport<\/a><\/h3><p class=\"elementor-image-box-description\">Czech scholar Luk\u00e1\u0161 Mare\u0161 and Emily Ryall conceptualise what it is to have a playful attitude when participating in sport. They argue that sport is better when this playful attitude is envoked.<\/p><\/div><\/div>\t\t\t\t<\/div>\n\t\t\t\t<\/div>\n\t\t\t\t\t<\/div>\n\t\t<\/div>\n\t\t\t\t\t<\/div>\n\t\t<\/section>\n\t\t\t\t<\/div>\n\t\t","protected":false},"excerpt":{"rendered":"<p>Philosophy of Play (book series) Philosophy of Play book launch. L-R: Dr Wendy Russell, Dr Emily Ryall, Dr Malcolm MacLean The Philosophy of Play book series developed from a biannual international conference on the Philosophy of Play first held at the University of Gloucestershire in 2011 and organised by Dr Emily Ryall, Dr Wendy Russell [&hellip;]<\/p>\n","protected":false},"author":1,"featured_media":0,"parent":231,"menu_order":0,"comment_status":"closed","ping_status":"closed","template":"","meta":{"_monsterinsights_skip_tracking":false,"_monsterinsights_sitenote_active":false,"_monsterinsights_sitenote_note":"","_monsterinsights_sitenote_category":0,"footnotes":""},"class_list":["post-252","page","type-page","status-publish","hentry"],"aioseo_notices":[],"_links":{"self":[{"href":"https:\/\/emilyryall.net\/index.php?rest_route=\/wp\/v2\/pages\/252","targetHints":{"allow":["GET"]}}],"collection":[{"href":"https:\/\/emilyryall.net\/index.php?rest_route=\/wp\/v2\/pages"}],"about":[{"href":"https:\/\/emilyryall.net\/index.php?rest_route=\/wp\/v2\/types\/page"}],"author":[{"embeddable":true,"href":"https:\/\/emilyryall.net\/index.php?rest_route=\/wp\/v2\/users\/1"}],"replies":[{"embeddable":true,"href":"https:\/\/emilyryall.net\/index.php?rest_route=%2Fwp%2Fv2%2Fcomments&post=252"}],"version-history":[{"count":25,"href":"https:\/\/emilyryall.net\/index.php?rest_route=\/wp\/v2\/pages\/252\/revisions"}],"predecessor-version":[{"id":483,"href":"https:\/\/emilyryall.net\/index.php?rest_route=\/wp\/v2\/pages\/252\/revisions\/483"}],"up":[{"embeddable":true,"href":"https:\/\/emilyryall.net\/index.php?rest_route=\/wp\/v2\/pages\/231"}],"wp:attachment":[{"href":"https:\/\/emilyryall.net\/index.php?rest_route=%2Fwp%2Fv2%2Fmedia&parent=252"}],"curies":[{"name":"wp","href":"https:\/\/api.w.org\/{rel}","templated":true}]}}